{"id":13,"date":"2019-12-13T10:13:50","date_gmt":"2019-12-13T10:13:50","guid":{"rendered":"https:\/\/unlir.lis-lab.fr\/?page_id=13"},"modified":"2023-04-04T08:03:12","modified_gmt":"2023-04-04T08:03:12","slug":"publications","status":"publish","type":"page","link":"https:\/\/unlir.lis-lab.fr\/index.php\/publications\/","title":{"rendered":"Publications"},"content":{"rendered":"\n<p><strong>Transfer Learning by Weighting Convolution<\/strong>, St\u00e9phane Ayache, Ronan Sicre, Thierry Arti\u00e8res, <em>IJCNN 2020.<\/em><\/p>\n\n\n\n<p><strong>PSM-nets: Compressing Neural Networks with Product of Sparse Matrices<\/strong>, Luc Giffon, St\u00e9phane Ayache, Hachem Kadri, Thierry Arti\u00e8res, Ronan Sicre, <em>IJCNN 2021<\/em><\/p>\n\n\n\n<p><strong>Towards Good Practices in Evaluating Transfer Adversarial Attacks<\/strong>, Zhengyu Zhao, Hanwei Zhang, Renjue Li, Ronan Sicre, Laurent Amsaleg, Michael Backes, <a href=\"https:\/\/arxiv.org\/abs\/2211.09565\">https:\/\/arxiv.org\/abs\/2211.09565<\/a><\/p>\n\n\n\n<p><strong>Opti-CAM: Optimizing saliency maps for interpretability<\/strong>, Hanwei Zhang, Felipe Torres, Ronan Sicre, Yannis Avrithis, Stephane Ayache, <a href=\"https:\/\/arxiv.org\/abs\/2301.07002\">https:\/\/arxiv.org\/abs\/2301.07002<\/a><\/p>\n\n\n\n<p><\/p>\n\n\n\n<p><\/p>\n\n\n\n<h2 class=\"wp-block-heading\">Other<\/h2>\n\n\n\n<p><a href=\"https:\/\/zenodo.org\/record\/5562249#.YWXagCUS1hE\">Data Management Plan<\/a><\/p>\n\n\n\n<p><a href=\"https:\/\/unlir.lis-lab.fr\/wp-content\/uploads\/2021\/10\/Formulaire-Compte-rendu-intermediaire.pdf\">Intermediate Report<\/a><\/p>\n","protected":false},"excerpt":{"rendered":"<p>Transfer Learning by Weighting Convolution, St\u00e9phane Ayache, Ronan Sicre, Thierry Arti\u00e8res, IJCNN 2020. PSM-nets: Compressing Neural Networks with Product of Sparse Matrices, Luc Giffon, St\u00e9phane Ayache, Hachem Kadri, Thierry Arti\u00e8res, Ronan Sicre, IJCNN 2021 Towards Good Practices in Evaluating Transfer Adversarial Attacks, Zhengyu Zhao, Hanwei Zhang, Renjue Li, Ronan Sicre, Laurent Amsaleg, Michael Backes, https:\/\/arxiv.org\/abs\/2211.09565 &hellip; <\/p>\n<p class=\"link-more\"><a href=\"https:\/\/unlir.lis-lab.fr\/index.php\/publications\/\" class=\"more-link\">Continue reading<span class=\"screen-reader-text\"> &#8220;Publications&#8221;<\/span><\/a><\/p>\n","protected":false},"author":2,"featured_media":0,"parent":0,"menu_order":0,"comment_status":"closed","ping_status":"closed","template":"","meta":{"footnotes":""},"class_list":["post-13","page","type-page","status-publish","hentry","entry"],"_links":{"self":[{"href":"https:\/\/unlir.lis-lab.fr\/index.php\/wp-json\/wp\/v2\/pages\/13","targetHints":{"allow":["GET"]}}],"collection":[{"href":"https:\/\/unlir.lis-lab.fr\/index.php\/wp-json\/wp\/v2\/pages"}],"about":[{"href":"https:\/\/unlir.lis-lab.fr\/index.php\/wp-json\/wp\/v2\/types\/page"}],"author":[{"embeddable":true,"href":"https:\/\/unlir.lis-lab.fr\/index.php\/wp-json\/wp\/v2\/users\/2"}],"replies":[{"embeddable":true,"href":"https:\/\/unlir.lis-lab.fr\/index.php\/wp-json\/wp\/v2\/comments?post=13"}],"version-history":[{"count":8,"href":"https:\/\/unlir.lis-lab.fr\/index.php\/wp-json\/wp\/v2\/pages\/13\/revisions"}],"predecessor-version":[{"id":37,"href":"https:\/\/unlir.lis-lab.fr\/index.php\/wp-json\/wp\/v2\/pages\/13\/revisions\/37"}],"wp:attachment":[{"href":"https:\/\/unlir.lis-lab.fr\/index.php\/wp-json\/wp\/v2\/media?parent=13"}],"curies":[{"name":"wp","href":"https:\/\/api.w.org\/{rel}","templated":true}]}}